{"id":250,"date":"2018-06-27T01:48:31","date_gmt":"2018-06-27T01:48:31","guid":{"rendered":"http:\/\/7uptheme.com\/wordpress\/nutritious\/?page_id=250"},"modified":"2022-05-06T10:09:57","modified_gmt":"2022-05-06T10:09:57","slug":"contact","status":"publish","type":"page","link":"https:\/\/vermutensuma.com\/?page_id=250","title":{"rendered":"Contacto"},"content":{"rendered":"<p>[vc_row][vc_column]<div class=\"clearfix\"><\/div>\r\n                    <div id=\"sv-map-69f2af149b865\" \r\n                        class=\"sv-ggmaps contact-map-google blueessence  s7upf_1777512212\" \r\n                        data-location=\"|39.32011048025093,2.9996419857738763,,,\" \r\n                        data-market=\"\" \r\n                        data-zoom=\"16\" \r\n                        data-style=\"blueessence\" \r\n                        data-control=\"yes\" \r\n                        data-scrollwheel=\"yes\" \r\n                        data-disable_ui=\"no\" \r\n                        data-draggable=\"yes\">\r\n                    <\/div>[\/vc_column][\/vc_row][vc_row el_class=\u00bbcontent-contact-page\u00bb][vc_column width=\u00bb2\/3&#8243;]<div role=\"form\" class=\"wpcf7\" id=\"wpcf7-f252-o1\" lang=\"en-US\" dir=\"ltr\">\n<div class=\"screen-reader-response\"><p role=\"status\" aria-live=\"polite\" aria-atomic=\"true\"><\/p> <ul><\/ul><\/div>\n<form action=\"\/index.php?rest_route=%2Fwp%2Fv2%2Fpages%2F250#wpcf7-f252-o1\" method=\"post\" class=\"wpcf7-form init\" novalidate=\"novalidate\" data-status=\"init\">\n<div style=\"display: none;\">\n<input type=\"hidden\" name=\"_wpcf7\" value=\"252\" \/>\n<input type=\"hidden\" name=\"_wpcf7_version\" value=\"5.4.2\" \/>\n<input type=\"hidden\" name=\"_wpcf7_locale\" value=\"en_US\" \/>\n<input type=\"hidden\" name=\"_wpcf7_unit_tag\" value=\"wpcf7-f252-o1\" \/>\n<input type=\"hidden\" name=\"_wpcf7_container_post\" value=\"0\" \/>\n<input type=\"hidden\" name=\"_wpcf7_posted_data_hash\" value=\"\" \/>\n<\/div>\n<div class=\"contact-form-page contact-form\">\n<h2 class=\"title24 font-bold play-font text-uppercase\">Formulario de contacto<\/h2>\n<p class=\"contact-message\">\n<span class=\"gray\">Tu mensaje<\/span><br \/>\n<span class=\"wpcf7-form-control-wrap your-message\"><textarea name=\"your-message\" cols=\"40\" rows=\"10\" class=\"wpcf7-form-control wpcf7-textarea\" aria-invalid=\"false\"><\/textarea><\/span>\n<\/p>\n<p class=\"contact-name\">\n<span class=\"gray\">Nombre<\/span><br \/>\n<span class=\"wpcf7-form-control-wrap your-name\"><input type=\"text\" name=\"your-name\" value=\"\" size=\"40\" class=\"wpcf7-form-control wpcf7-text wpcf7-validates-as-required\" aria-required=\"true\" aria-invalid=\"false\" \/><\/span>\n<\/p>\n<p class=\"contact-email\">\n<span class=\"gray\">Email<\/span><br \/>\n<span class=\"wpcf7-form-control-wrap your-email\"><input type=\"email\" name=\"your-email\" value=\"\" size=\"40\" class=\"wpcf7-form-control wpcf7-text wpcf7-email wpcf7-validates-as-required wpcf7-validates-as-email\" aria-required=\"true\" aria-invalid=\"false\" \/><\/span>\n<\/p>\n<p class=\"contact-submit\">\n<input type=\"submit\" value=\"Enviar\" class=\"wpcf7-form-control wpcf7-submit shop-button bg-color\" \/>\n<\/p>\n<\/div>\n<div class=\"wpcf7-response-output\" aria-hidden=\"true\"><\/div><\/form><\/div>[\/vc_column][vc_column width=\u00bb1\/3&#8243; offset=\u00bbvc_col-lg-offset-1 vc_col-lg-3 vc_col-md-offset-0&#8243;]<div class=\"flex-wrapper list-service-box border-dashed radius     flex_direction-column\">\r\n\t\t\t\t\t\t[vc_column_text]<\/p>\n<h3 class=\"title14 play-font text-uppercase\">DOSBDOS LOYALTY, S.L.<\/h3>\n<p>[\/vc_column_text]<div class=\"item-service flex-wrapper align_items-center  \">\n\t\t\t\t\t\t\t\t<div class=\"service-icon\">\n\t\t\t\t\t\t\t\t\t<a href=\"#\" class=\"pop\"><img width=\"40\" height=\"40\" src=\"https:\/\/vermutensuma.com\/wp-content\/uploads\/2022\/05\/\/images-40x40.jpg\" class=\"attachment-40x40 size-40x40\" alt=\"\" loading=\"lazy\" \/><\/a>\n\t\t\t\t\t\t\t\t<\/div>\n\t\t\t\t\t\t\t\t<div class=\"service-text\">\n\t\t\t\t\t\t\t\t\t<h2 class=\"title14 play-font text-uppercase\"><a href=\"#\" class=\"dark\">Avda. Marqu\u00e9s del Palmer, n\u00ba 53<\/a><\/h2>\n\t\t\t\t\t\t\t\t\t<p class=\"desc title10 silver\">07638  Salines (SES)| Illes Balears<\/p>\n\t\t\t\t\t\t\t\t<\/div>\n\t\t\t\t\t\t\t<\/div><div class=\"item-service flex-wrapper align_items-center  \">\n\t\t\t\t\t\t\t\t<div class=\"service-icon\">\n\t\t\t\t\t\t\t\t\t<a href=\"#\" class=\"pop\"><img width=\"40\" height=\"40\" src=\"https:\/\/vermutensuma.com\/wp-content\/uploads\/2018\/06\/\/ser3-40x40.jpg\" class=\"attachment-40x40 size-40x40\" alt=\"\" loading=\"lazy\" \/><\/a>\n\t\t\t\t\t\t\t\t<\/div>\n\t\t\t\t\t\t\t\t<div class=\"service-text\">\n\t\t\t\t\t\t\t\t\t<h2 class=\"title14 play-font text-uppercase\"><a href=\"#\" class=\"dark\">Env\u00edos gratis<\/a><\/h2>\n\t\t\t\t\t\t\t\t\t<p class=\"desc title10 silver\">Para pedidos superiores a XX \u20ac<\/p>\n\t\t\t\t\t\t\t\t<\/div>\n\t\t\t\t\t\t\t<\/div><div class=\"item-service flex-wrapper align_items-center  \">\n\t\t\t\t\t\t\t\t<div class=\"service-icon\">\n\t\t\t\t\t\t\t\t\t<a href=\"#\" class=\"pop\"><img width=\"40\" height=\"40\" src=\"https:\/\/vermutensuma.com\/wp-content\/uploads\/2018\/06\/\/ser4-40x40.jpg\" class=\"attachment-40x40 size-40x40\" alt=\"\" loading=\"lazy\" \/><\/a>\n\t\t\t\t\t\t\t\t<\/div>\n\t\t\t\t\t\t\t\t<div class=\"service-text\">\n\t\t\t\t\t\t\t\t\t<h2 class=\"title14 play-font text-uppercase\"><a href=\"#\" class=\"dark\">Devoluciones<\/a><\/h2>\n\t\t\t\t\t\t\t\t\t<p class=\"desc title10 silver\">Hasta 15 d\u00edas despu\u00e9s de la recepci\u00f3n del pedido<\/p>\n\t\t\t\t\t\t\t\t<\/div>\n\t\t\t\t\t\t\t<\/div>\r\n\t\t\t\t\t<\/div>[\/vc_column][\/vc_row]<\/p>\n","protected":false},"excerpt":{"rendered":"<p>[vc_row][vc_column][\/vc_column][\/vc_row][vc_row el_class=\u00bbcontent-contact-page\u00bb][vc_column width=\u00bb2\/3&#8243;][\/vc_column][vc_column width=\u00bb1\/3&#8243; offset=\u00bbvc_col-lg-offset-1 vc_col-lg-3 vc_col-md-offset-0&#8243;][\/vc_column][\/vc_row]<\/p>\n","protected":false},"author":1,"featured_media":0,"parent":0,"menu_order":0,"comment_status":"closed","ping_status":"closed","template":"","meta":[],"yoast_head":"<!-- This site is optimized with the Yoast SEO plugin v17.3 - https:\/\/yoast.com\/wordpress\/plugins\/seo\/ -->\n<title>Contacto - Vermut Ensuma<\/title>\n<meta name=\"robots\" content=\"index, follow, max-snippet:-1, max-image-preview:large, max-video-preview:-1\" \/>\n<link rel=\"canonical\" href=\"https:\/\/vermutensuma.com\/?page_id=250\" \/>\n<meta property=\"og:locale\" content=\"es_ES\" \/>\n<meta property=\"og:type\" content=\"article\" \/>\n<meta property=\"og:title\" content=\"Contacto - Vermut Ensuma\" \/>\n<meta property=\"og:description\" content=\"[vc_row][vc_column][\/vc_column][\/vc_row][vc_row el_class=\u00bbcontent-contact-page\u00bb][vc_column width=\u00bb2\/3&#8243;][\/vc_column][vc_column width=\u00bb1\/3&#8243; offset=\u00bbvc_col-lg-offset-1 vc_col-lg-3 vc_col-md-offset-0&#8243;][\/vc_column][\/vc_row]\" \/>\n<meta property=\"og:url\" content=\"https:\/\/vermutensuma.com\/?page_id=250\" \/>\n<meta property=\"og:site_name\" content=\"Vermut Ensuma\" \/>\n<meta property=\"article:modified_time\" content=\"2022-05-06T10:09:57+00:00\" \/>\n<meta name=\"twitter:card\" content=\"summary_large_image\" \/>\n<meta name=\"twitter:label1\" content=\"Tiempo de lectura\" \/>\n\t<meta name=\"twitter:data1\" content=\"1 minuto\" \/>\n<script type=\"application\/ld+json\" class=\"yoast-schema-graph\">{\"@context\":\"https:\/\/schema.org\",\"@graph\":[{\"@type\":\"WebSite\",\"@id\":\"https:\/\/vermutensuma.com\/#website\",\"url\":\"https:\/\/vermutensuma.com\/\",\"name\":\"Vermut Ensuma\",\"description\":\"Dulce y amargo \\u00b7 Limpio \\u00b7 Largo y agradable\",\"potentialAction\":[{\"@type\":\"SearchAction\",\"target\":{\"@type\":\"EntryPoint\",\"urlTemplate\":\"https:\/\/vermutensuma.com\/?s={search_term_string}\"},\"query-input\":\"required name=search_term_string\"}],\"inLanguage\":\"es\"},{\"@type\":\"WebPage\",\"@id\":\"https:\/\/vermutensuma.com\/?page_id=250#webpage\",\"url\":\"https:\/\/vermutensuma.com\/?page_id=250\",\"name\":\"Contacto - Vermut Ensuma\",\"isPartOf\":{\"@id\":\"https:\/\/vermutensuma.com\/#website\"},\"datePublished\":\"2018-06-27T01:48:31+00:00\",\"dateModified\":\"2022-05-06T10:09:57+00:00\",\"breadcrumb\":{\"@id\":\"https:\/\/vermutensuma.com\/?page_id=250#breadcrumb\"},\"inLanguage\":\"es\",\"potentialAction\":[{\"@type\":\"ReadAction\",\"target\":[\"https:\/\/vermutensuma.com\/?page_id=250\"]}]},{\"@type\":\"BreadcrumbList\",\"@id\":\"https:\/\/vermutensuma.com\/?page_id=250#breadcrumb\",\"itemListElement\":[{\"@type\":\"ListItem\",\"position\":1,\"name\":\"Portada\",\"item\":\"https:\/\/vermutensuma.com\/\"},{\"@type\":\"ListItem\",\"position\":2,\"name\":\"Contacto\"}]}]}<\/script>\n<!-- \/ Yoast SEO plugin. -->","yoast_head_json":{"title":"Contacto - Vermut Ensuma","robots":{"index":"index","follow":"follow","max-snippet":"max-snippet:-1","max-image-preview":"max-image-preview:large","max-video-preview":"max-video-preview:-1"},"canonical":"https:\/\/vermutensuma.com\/?page_id=250","og_locale":"es_ES","og_type":"article","og_title":"Contacto - Vermut Ensuma","og_description":"[vc_row][vc_column][\/vc_column][\/vc_row][vc_row el_class=\u00bbcontent-contact-page\u00bb][vc_column width=\u00bb2\/3&#8243;][\/vc_column][vc_column width=\u00bb1\/3&#8243; offset=\u00bbvc_col-lg-offset-1 vc_col-lg-3 vc_col-md-offset-0&#8243;][\/vc_column][\/vc_row]","og_url":"https:\/\/vermutensuma.com\/?page_id=250","og_site_name":"Vermut Ensuma","article_modified_time":"2022-05-06T10:09:57+00:00","twitter_card":"summary_large_image","twitter_misc":{"Tiempo de lectura":"1 minuto"},"schema":{"@context":"https:\/\/schema.org","@graph":[{"@type":"WebSite","@id":"https:\/\/vermutensuma.com\/#website","url":"https:\/\/vermutensuma.com\/","name":"Vermut Ensuma","description":"Dulce y amargo \u00b7 Limpio \u00b7 Largo y agradable","potentialAction":[{"@type":"SearchAction","target":{"@type":"EntryPoint","urlTemplate":"https:\/\/vermutensuma.com\/?s={search_term_string}"},"query-input":"required name=search_term_string"}],"inLanguage":"es"},{"@type":"WebPage","@id":"https:\/\/vermutensuma.com\/?page_id=250#webpage","url":"https:\/\/vermutensuma.com\/?page_id=250","name":"Contacto - Vermut Ensuma","isPartOf":{"@id":"https:\/\/vermutensuma.com\/#website"},"datePublished":"2018-06-27T01:48:31+00:00","dateModified":"2022-05-06T10:09:57+00:00","breadcrumb":{"@id":"https:\/\/vermutensuma.com\/?page_id=250#breadcrumb"},"inLanguage":"es","potentialAction":[{"@type":"ReadAction","target":["https:\/\/vermutensuma.com\/?page_id=250"]}]},{"@type":"BreadcrumbList","@id":"https:\/\/vermutensuma.com\/?page_id=250#breadcrumb","itemListElement":[{"@type":"ListItem","position":1,"name":"Portada","item":"https:\/\/vermutensuma.com\/"},{"@type":"ListItem","position":2,"name":"Contacto"}]}]}},"_links":{"self":[{"href":"https:\/\/vermutensuma.com\/index.php?rest_route=\/wp\/v2\/pages\/250"}],"collection":[{"href":"https:\/\/vermutensuma.com\/index.php?rest_route=\/wp\/v2\/pages"}],"about":[{"href":"https:\/\/vermutensuma.com\/index.php?rest_route=\/wp\/v2\/types\/page"}],"author":[{"embeddable":true,"href":"https:\/\/vermutensuma.com\/index.php?rest_route=\/wp\/v2\/users\/1"}],"replies":[{"embeddable":true,"href":"https:\/\/vermutensuma.com\/index.php?rest_route=%2Fwp%2Fv2%2Fcomments&post=250"}],"version-history":[{"count":10,"href":"https:\/\/vermutensuma.com\/index.php?rest_route=\/wp\/v2\/pages\/250\/revisions"}],"predecessor-version":[{"id":1208,"href":"https:\/\/vermutensuma.com\/index.php?rest_route=\/wp\/v2\/pages\/250\/revisions\/1208"}],"wp:attachment":[{"href":"https:\/\/vermutensuma.com\/index.php?rest_route=%2Fwp%2Fv2%2Fmedia&parent=250"}],"curies":[{"name":"wp","href":"https:\/\/api.w.org\/{rel}","templated":true}]}}